{"id":2387,"date":"2014-01-16T13:08:28","date_gmt":"2014-01-16T13:08:28","guid":{"rendered":"http:\/\/sketchthemes.com\/samples\/invert-business-demo\/?page_id=44"},"modified":"2014-01-16T13:08:28","modified_gmt":"2014-01-16T13:08:28","slug":"left-sidebar-2","status":"publish","type":"page","link":"https:\/\/aljehadco.com\/ar\/left-sidebar-2\/","title":{"rendered":"Left Sidebar"},"content":{"rendered":"<p>[vimeo src=&#8221;http:\/\/vimeo.com\/103684916&#8243; width=&#8221;700&#8243; height=&#8221;434&#8243;][\/vimeo]<br \/>\n<br \/>\nMalou, a little girl with a passion for astronomy, lives in a world without any stars. One evening something does finally appear and it will change her life forever&#8230;<\/p>\n<p>Light up is a short film made by Aveline Stoquart and David Duvieusart, students at the Haute \u00c9cole Albert Jacquard in Namur, Belgium.<\/p>\n<p>Malou, une petite fille passionn\u00e9e d&#8217;astronomie, vit dans un monde sans \u00e9toiles.<br \/>\nUn jour, elle en aper\u00e7oit une filer dans le ciel et part \u00e0 sa rencontre \u00e0 l&#8217;aide de sa petite navette&#8230;<\/p>\n<p>Light up est un court m\u00e9trage d&#8217;animation r\u00e9alis\u00e9 par Aveline Stoquart et David Duvieusart, \u00e9tudiants \u00e0 la Haute \u00c9cole Albert Jacquard \u00e0 Namur, Belgique.<\/p>\n<p>Watch the making of! <a href=\"http:\/\/vimeo.com\/29284874\">vimeo.com\/29284874<\/a><br \/>\nMusic by General Fuzz: <a href=\"http:\/\/www.generalfuzz.net\/\" target=\"_blank\" rel=\"nofollow\">generalfuzz.net\/<\/a><\/p>\n","protected":false},"excerpt":{"rendered":"<p>[vimeo src=&#8221;http:\/\/vimeo.com\/103684916&#8243; width=&#8221;700&#8243; height=&#8221;434&#8243;][\/vimeo] Malou, a little girl with a passion for astronomy, lives in a world without any stars. One evening something does finally appear and it will change her life forever&#8230; Light up is a short film made by Aveline Stoquart and David Duvieusart, students at the Haute \u00c9cole Albert Jacquard in Namur,<br \/><a href=\"https:\/\/aljehadco.com\/ar\/left-sidebar-2\/\" class=\"more\">Read more<\/a><\/p>\n","protected":false},"author":7,"featured_media":0,"parent":0,"menu_order":0,"comment_status":"closed","ping_status":"closed","template":"template-left-sidebar.php","meta":{"ngg_post_thumbnail":0,"footnotes":""},"class_list":["post-2387","page","type-page","status-publish","hentry"],"aioseo_notices":[],"_links":{"self":[{"href":"https:\/\/aljehadco.com\/ar\/wp-json\/wp\/v2\/pages\/2387","targetHints":{"allow":["GET"]}}],"collection":[{"href":"https:\/\/aljehadco.com\/ar\/wp-json\/wp\/v2\/pages"}],"about":[{"href":"https:\/\/aljehadco.com\/ar\/wp-json\/wp\/v2\/types\/page"}],"author":[{"embeddable":true,"href":"https:\/\/aljehadco.com\/ar\/wp-json\/wp\/v2\/users\/7"}],"replies":[{"embeddable":true,"href":"https:\/\/aljehadco.com\/ar\/wp-json\/wp\/v2\/comments?post=2387"}],"version-history":[{"count":0,"href":"https:\/\/aljehadco.com\/ar\/wp-json\/wp\/v2\/pages\/2387\/revisions"}],"wp:attachment":[{"href":"https:\/\/aljehadco.com\/ar\/wp-json\/wp\/v2\/media?parent=2387"}],"curies":[{"name":"wp","href":"https:\/\/api.w.org\/{rel}","templated":true}]}}